{"id":1223,"date":"2023-03-17T10:02:04","date_gmt":"2023-03-17T08:02:04","guid":{"rendered":"https:\/\/nextentservices.hu\/impress\/"},"modified":"2026-02-03T10:18:31","modified_gmt":"2026-02-03T08:18:31","slug":"impress","status":"publish","type":"page","link":"https:\/\/nextentservices.hu\/en\/impress\/","title":{"rendered":"Impress"},"content":{"rendered":"<p>[et_pb_section fb_built=&#8221;1&#8243; _builder_version=&#8221;4.20.2&#8243; _module_preset=&#8221;default&#8221; global_colors_info=&#8221;{}&#8221;][et_pb_row _builder_version=&#8221;4.20.2&#8243; _module_preset=&#8221;default&#8221; global_colors_info=&#8221;{}&#8221;][et_pb_column type=&#8221;4_4&#8243; _builder_version=&#8221;4.20.2&#8243; _module_preset=&#8221;default&#8221; global_colors_info=&#8221;{}&#8221;][et_pb_text _builder_version=&#8221;4.20.2&#8243; _module_preset=&#8221;default&#8221; custom_padding=&#8221;70px||||false|false&#8221; global_colors_info=&#8221;{}&#8221;]<\/p>\n<h1><span>IMPRESS<\/span><\/h1>\n<p><span><\/span><\/p>\n<p><span>Provider&#8217;s name: NEXTENT Informatika z\u00e1rtk\u00f6r\u0171en m\u0171k\u00f6d\u0151 r\u00e9szv\u00e9nyt\u00e1rsas\u00e1g<\/span><\/p>\n<p><span>Provider headquarters: 1119 Budapest, Feh\u00e9rv\u00e1ri \u00fat 97-99.<\/span><\/p>\n<p><span>Provider&#8217;s contact:\u00a0<\/span><\/p>\n<ul>\n<li><span>Email:\u00a0 info@nextent.hu\u00a0<\/span><\/li>\n<li><span>Phone number: +36 1 246 2907<\/span><\/li>\n<\/ul>\n<p><span>Tax number: 13522225-2-43<\/span><\/p>\n<p><span>Registering court: F\u0151v\u00e1rosi T\u00f6rv\u00e9nysz\u00e9k C\u00e9gb\u00edr\u00f3s\u00e1ga cg. 01-10-045260<\/span><\/p>\n<p><span>Chamber designation: Budapesti Kereskedelmi \u00e9s Iparkamara<\/span><\/p>\n<p><span>Registration number: BU13522225<\/span><\/p>\n<p><span>Hosting provider&#8217;s name: T\u00e1rhely.Eu Kft.\u00a0<\/span><\/p>\n<ul>\n<li><span>Headquarters: 1538 Budapest, Pf.: 510.<\/span><\/li>\n<li><span>Email:\u00a0<\/span><a href=\"mailto:ugyfelszolgalat@tarhely.eu\"><span>ugyfelszolgalat@tarhely.eu<\/span><\/a><\/li>\n<li><span>Central phone number: +36 1 789 2 789<\/span><\/li>\n<\/ul>\n<p><span>The technical (IT) operations related to data processing are performed by Nextent Informatika Zrt. The present website and its content elements uploaded by Nextent Informatika Zrt. constitute the intellectual property of Nextent Informatika Zrt., and their partial or complete use is strictly prohibited without the prior written consent of Nextent Informatika Zrt.<\/span><\/p>\n<p>[\/et_pb_text][\/et_pb_column][\/et_pb_row][\/et_pb_section]<\/p>\n","protected":false},"excerpt":{"rendered":"<p>IMPRESS Provider&#8217;s name: NEXTENT Informatika z\u00e1rtk\u00f6r\u0171en m\u0171k\u00f6d\u0151 r\u00e9szv\u00e9nyt\u00e1rsas\u00e1g Provider headquarters: 1119 Budapest, Feh\u00e9rv\u00e1ri \u00fat 97-99. Provider&#8217;s contact:\u00a0 Email:\u00a0 info@nextent.hu\u00a0 Phone number: +36 1 246 2907 Tax number: 13522225-2-43 Registering court: F\u0151v\u00e1rosi T\u00f6rv\u00e9nysz\u00e9k C\u00e9gb\u00edr\u00f3s\u00e1ga cg. 01-10-045260 Chamber designation: Budapesti Kereskedelmi \u00e9s Iparkamara Registration number: BU13522225 Hosting provider&#8217;s name: T\u00e1rhely.Eu Kft.\u00a0 Headquarters: 1538 Budapest, Pf.: 510. Email:\u00a0ugyfelszolgalat@tarhely.eu Central phone number: +36 1 789 2 789 The technical (IT) operations related to data processing are performed by Nextent Informatika Zrt. The present website and its content elements uploaded by Nextent Informatika Zrt. constitute the intellectual property of Nextent Informatika Zrt., and their partial or complete use is strictly prohibited without the prior written consent of Nextent Informatika Zrt.<\/p>\n","protected":false},"author":1,"featured_media":0,"parent":0,"menu_order":0,"comment_status":"closed","ping_status":"closed","template":"","meta":{"_et_pb_use_builder":"on","_et_pb_old_content":"","_et_gb_content_width":"","footnotes":""},"class_list":["post-1223","page","type-page","status-publish","hentry"],"yoast_head":"<!-- This site is optimized with the Yoast SEO Premium plugin v26.2 (Yoast SEO v26.4) - https:\/\/yoast.com\/wordpress\/plugins\/seo\/ -->\n<title>Impress | Nextent Services<\/title>\n<meta name=\"description\" content=\"Provider headquarters: 1119 Budapest, Feh\u00e9rv\u00e1ri \u00fat 97-99. \u00b7 Provider contact: info@nextent.hu, +36 1 246 2907\" \/>\n<meta name=\"robots\" content=\"index, follow, max-snippet:-1, max-image-preview:large, max-video-preview:-1\" \/>\n<link rel=\"canonical\" href=\"https:\/\/nextentservices.hu\/en\/impress\/\" \/>\n<meta property=\"og:locale\" content=\"en_US\" \/>\n<meta property=\"og:type\" content=\"article\" \/>\n<meta property=\"og:title\" content=\"Impress | Nextent Services\" \/>\n<meta property=\"og:description\" content=\"Headquarters \u00b7 Contact \u00b7 Tax number \u00b7 Registration number\" \/>\n<meta property=\"og:url\" content=\"https:\/\/nextentservices.hu\/en\/impress\/\" \/>\n<meta property=\"og:site_name\" content=\"Nextent Services\" \/>\n<meta property=\"article:modified_time\" content=\"2026-02-03T08:18:31+00:00\" \/>\n<meta name=\"twitter:card\" content=\"summary_large_image\" \/>\n<meta name=\"twitter:title\" content=\"Impress | Nextent Services\" \/>\n<meta name=\"twitter:description\" content=\"Headquarters \u00b7 Contact \u00b7 Tax number \u00b7 Registration number\" \/>\n<meta name=\"twitter:label1\" content=\"Est. reading time\" \/>\n\t<meta name=\"twitter:data1\" content=\"1 minute\" \/>\n<script type=\"application\/ld+json\" class=\"yoast-schema-graph\">{\"@context\":\"https:\/\/schema.org\",\"@graph\":[{\"@type\":\"WebPage\",\"@id\":\"https:\/\/nextentservices.hu\/en\/impress\/\",\"url\":\"https:\/\/nextentservices.hu\/en\/impress\/\",\"name\":\"Impress | Nextent Services\",\"isPartOf\":{\"@id\":\"https:\/\/nextentservices.hu\/en\/#website\"},\"datePublished\":\"2023-03-17T08:02:04+00:00\",\"dateModified\":\"2026-02-03T08:18:31+00:00\",\"description\":\"Provider headquarters: 1119 Budapest, Feh\u00e9rv\u00e1ri \u00fat 97-99. \u00b7 Provider contact: info@nextent.hu, +36 1 246 2907\",\"breadcrumb\":{\"@id\":\"https:\/\/nextentservices.hu\/en\/impress\/#breadcrumb\"},\"inLanguage\":\"en-US\",\"potentialAction\":[{\"@type\":\"ReadAction\",\"target\":[\"https:\/\/nextentservices.hu\/en\/impress\/\"]}]},{\"@type\":\"BreadcrumbList\",\"@id\":\"https:\/\/nextentservices.hu\/en\/impress\/#breadcrumb\",\"itemListElement\":[{\"@type\":\"ListItem\",\"position\":1,\"name\":\"Home\",\"item\":\"https:\/\/nextentservices.hu\/en\/\"},{\"@type\":\"ListItem\",\"position\":2,\"name\":\"Impress\"}]},{\"@type\":\"WebSite\",\"@id\":\"https:\/\/nextentservices.hu\/en\/#website\",\"url\":\"https:\/\/nextentservices.hu\/en\/\",\"name\":\"Nextent Services\",\"description\":\"Nextent Solutions - A digit\u00e1lis ipar\u00e1gi szak\u00e9rt\u0151\",\"publisher\":{\"@id\":\"https:\/\/nextentservices.hu\/en\/#organization\"},\"potentialAction\":[{\"@type\":\"SearchAction\",\"target\":{\"@type\":\"EntryPoint\",\"urlTemplate\":\"https:\/\/nextentservices.hu\/en\/?s={search_term_string}\"},\"query-input\":{\"@type\":\"PropertyValueSpecification\",\"valueRequired\":true,\"valueName\":\"search_term_string\"}}],\"inLanguage\":\"en-US\"},{\"@type\":\"Organization\",\"@id\":\"https:\/\/nextentservices.hu\/en\/#organization\",\"name\":\"NEXTENT zrt.\",\"url\":\"https:\/\/nextentservices.hu\/en\/\",\"logo\":{\"@type\":\"ImageObject\",\"inLanguage\":\"en-US\",\"@id\":\"https:\/\/nextentservices.hu\/en\/#\/schema\/logo\/image\/\",\"url\":\"https:\/\/nextentservices.hu\/wp-content\/uploads\/2023\/02\/nextent-favicon.png\",\"contentUrl\":\"https:\/\/nextentservices.hu\/wp-content\/uploads\/2023\/02\/nextent-favicon.png\",\"width\":393,\"height\":393,\"caption\":\"NEXTENT zrt.\"},\"image\":{\"@id\":\"https:\/\/nextentservices.hu\/en\/#\/schema\/logo\/image\/\"}}]}<\/script>\n<!-- \/ Yoast SEO Premium plugin. -->","yoast_head_json":{"title":"Impress | Nextent Services","description":"Provider headquarters: 1119 Budapest, Feh\u00e9rv\u00e1ri \u00fat 97-99. \u00b7 Provider contact: info@nextent.hu, +36 1 246 2907","robots":{"index":"index","follow":"follow","max-snippet":"max-snippet:-1","max-image-preview":"max-image-preview:large","max-video-preview":"max-video-preview:-1"},"canonical":"https:\/\/nextentservices.hu\/en\/impress\/","og_locale":"en_US","og_type":"article","og_title":"Impress | Nextent Services","og_description":"Headquarters \u00b7 Contact \u00b7 Tax number \u00b7 Registration number","og_url":"https:\/\/nextentservices.hu\/en\/impress\/","og_site_name":"Nextent Services","article_modified_time":"2026-02-03T08:18:31+00:00","twitter_card":"summary_large_image","twitter_title":"Impress | Nextent Services","twitter_description":"Headquarters \u00b7 Contact \u00b7 Tax number \u00b7 Registration number","twitter_misc":{"Est. reading time":"1 minute"},"schema":{"@context":"https:\/\/schema.org","@graph":[{"@type":"WebPage","@id":"https:\/\/nextentservices.hu\/en\/impress\/","url":"https:\/\/nextentservices.hu\/en\/impress\/","name":"Impress | Nextent Services","isPartOf":{"@id":"https:\/\/nextentservices.hu\/en\/#website"},"datePublished":"2023-03-17T08:02:04+00:00","dateModified":"2026-02-03T08:18:31+00:00","description":"Provider headquarters: 1119 Budapest, Feh\u00e9rv\u00e1ri \u00fat 97-99. \u00b7 Provider contact: info@nextent.hu, +36 1 246 2907","breadcrumb":{"@id":"https:\/\/nextentservices.hu\/en\/impress\/#breadcrumb"},"inLanguage":"en-US","potentialAction":[{"@type":"ReadAction","target":["https:\/\/nextentservices.hu\/en\/impress\/"]}]},{"@type":"BreadcrumbList","@id":"https:\/\/nextentservices.hu\/en\/impress\/#breadcrumb","itemListElement":[{"@type":"ListItem","position":1,"name":"Home","item":"https:\/\/nextentservices.hu\/en\/"},{"@type":"ListItem","position":2,"name":"Impress"}]},{"@type":"WebSite","@id":"https:\/\/nextentservices.hu\/en\/#website","url":"https:\/\/nextentservices.hu\/en\/","name":"Nextent Services","description":"Nextent Solutions - A digit\u00e1lis ipar\u00e1gi szak\u00e9rt\u0151","publisher":{"@id":"https:\/\/nextentservices.hu\/en\/#organization"},"potentialAction":[{"@type":"SearchAction","target":{"@type":"EntryPoint","urlTemplate":"https:\/\/nextentservices.hu\/en\/?s={search_term_string}"},"query-input":{"@type":"PropertyValueSpecification","valueRequired":true,"valueName":"search_term_string"}}],"inLanguage":"en-US"},{"@type":"Organization","@id":"https:\/\/nextentservices.hu\/en\/#organization","name":"NEXTENT zrt.","url":"https:\/\/nextentservices.hu\/en\/","logo":{"@type":"ImageObject","inLanguage":"en-US","@id":"https:\/\/nextentservices.hu\/en\/#\/schema\/logo\/image\/","url":"https:\/\/nextentservices.hu\/wp-content\/uploads\/2023\/02\/nextent-favicon.png","contentUrl":"https:\/\/nextentservices.hu\/wp-content\/uploads\/2023\/02\/nextent-favicon.png","width":393,"height":393,"caption":"NEXTENT zrt."},"image":{"@id":"https:\/\/nextentservices.hu\/en\/#\/schema\/logo\/image\/"}}]}},"_links":{"self":[{"href":"https:\/\/nextentservices.hu\/en\/wp-json\/wp\/v2\/pages\/1223","targetHints":{"allow":["GET"]}}],"collection":[{"href":"https:\/\/nextentservices.hu\/en\/wp-json\/wp\/v2\/pages"}],"about":[{"href":"https:\/\/nextentservices.hu\/en\/wp-json\/wp\/v2\/types\/page"}],"author":[{"embeddable":true,"href":"https:\/\/nextentservices.hu\/en\/wp-json\/wp\/v2\/users\/1"}],"replies":[{"embeddable":true,"href":"https:\/\/nextentservices.hu\/en\/wp-json\/wp\/v2\/comments?post=1223"}],"version-history":[{"count":1,"href":"https:\/\/nextentservices.hu\/en\/wp-json\/wp\/v2\/pages\/1223\/revisions"}],"predecessor-version":[{"id":3083,"href":"https:\/\/nextentservices.hu\/en\/wp-json\/wp\/v2\/pages\/1223\/revisions\/3083"}],"wp:attachment":[{"href":"https:\/\/nextentservices.hu\/en\/wp-json\/wp\/v2\/media?parent=1223"}],"curies":[{"name":"wp","href":"https:\/\/api.w.org\/{rel}","templated":true}]}}