{"id":1186,"date":"2023-02-26T16:42:59","date_gmt":"2023-02-26T14:42:59","guid":{"rendered":"https:\/\/nextentservices.hu\/about-us\/"},"modified":"2026-02-03T10:18:30","modified_gmt":"2026-02-03T08:18:30","slug":"about-us","status":"publish","type":"page","link":"https:\/\/nextentservices.hu\/en\/about-us\/","title":{"rendered":"About us"},"content":{"rendered":"<p>[et_pb_section fb_built=&#8221;1&#8243; _builder_version=&#8221;4.20.0&#8243; _module_preset=&#8221;default&#8221; background_color=&#8221;rgba(24,51,88,0.39)&#8221; background_image=&#8221;https:\/\/nextentservices.hu\/wp-content\/uploads\/2023\/02\/rolunk.jpg&#8221; background_position=&#8221;bottom_center&#8221; background_blend=&#8221;darken&#8221; min_height=&#8221;500px&#8221; custom_margin=&#8221;90px||||false|false&#8221; custom_padding=&#8221;0px||0px||false|false&#8221; global_colors_info=&#8221;{}&#8221;][et_pb_row column_structure=&#8221;1_2,1_2&#8243; _builder_version=&#8221;4.19.5&#8243; _module_preset=&#8221;default&#8221; custom_margin=&#8221;||||false|false&#8221; custom_padding=&#8221;80px||||false|false&#8221; global_colors_info=&#8221;{}&#8221;][et_pb_column type=&#8221;1_2&#8243; _builder_version=&#8221;4.19.5&#8243; _module_preset=&#8221;default&#8221; global_colors_info=&#8221;{}&#8221;][et_pb_text _builder_version=&#8221;4.20.2&#8243; _module_preset=&#8221;default&#8221; text_font=&#8221;|600|||||||&#8221; text_text_color=&#8221;#FFFFFF&#8221; text_font_size=&#8221;20px&#8221; header_font=&#8221;Exo 2|600||on|||||&#8221; header_text_align=&#8221;left&#8221; header_text_color=&#8221;#FFFFFF&#8221; header_font_size=&#8221;35px&#8221; header_line_height=&#8221;1.2em&#8221; header_2_font=&#8221;Exo 2|600|||||||&#8221; header_2_text_align=&#8221;left&#8221; header_2_text_color=&#8221;#FFFFFF&#8221; custom_padding=&#8221;70px||30px||false|false&#8221; header_text_shadow_style=&#8221;preset5&#8243; header_text_shadow_color=&#8221;rgba(0,0,0,0.25)&#8221; header_2_text_shadow_style=&#8221;preset5&#8243; header_2_text_shadow_color=&#8221;rgba(0,0,0,0.25)&#8221; global_colors_info=&#8221;{}&#8221;]<\/p>\n<h1>Hello World! <\/h1>\n<p>We are Nextent!<\/p>\n<p>[\/et_pb_text][\/et_pb_column][et_pb_column type=&#8221;1_2&#8243; _builder_version=&#8221;4.19.5&#8243; _module_preset=&#8221;default&#8221; global_colors_info=&#8221;{}&#8221;][\/et_pb_column][\/et_pb_row][\/et_pb_section][et_pb_section fb_built=&#8221;1&#8243; _builder_version=&#8221;4.19.5&#8243; _module_preset=&#8221;default&#8221; custom_margin=&#8221;||||false|false&#8221; custom_padding=&#8221;20px||20px||false|false&#8221; global_colors_info=&#8221;{}&#8221;][et_pb_row _builder_version=&#8221;4.19.5&#8243; _module_preset=&#8221;default&#8221; global_colors_info=&#8221;{}&#8221;][et_pb_column type=&#8221;4_4&#8243; _builder_version=&#8221;4.19.5&#8243; _module_preset=&#8221;default&#8221; global_colors_info=&#8221;{}&#8221;][et_pb_text _builder_version=&#8221;4.21.0&#8243; _module_preset=&#8221;default&#8221; header_2_font=&#8221;Exo 2|600|||||||&#8221; header_2_text_align=&#8221;center&#8221; header_2_text_color=&#8221;#1d2c47&#8243; hover_enabled=&#8221;0&#8243; header_2_text_shadow_style=&#8221;preset5&#8243; header_2_text_shadow_color=&#8221;rgba(0,0,0,0.25)&#8221; global_colors_info=&#8221;{}&#8221; sticky_enabled=&#8221;0&#8243;]<\/p>\n<h2>Nextent &#8211; The digital industry expert<\/h2>\n<p>[\/et_pb_text][\/et_pb_column][\/et_pb_row][\/et_pb_section][et_pb_section fb_built=&#8221;1&#8243; _builder_version=&#8221;4.20.0&#8243; _module_preset=&#8221;default&#8221; background_color=&#8221;#183358&#8243; custom_margin=&#8221;0px||0px||false|false&#8221; custom_padding=&#8221;0px||0px||false|false&#8221; border_radii=&#8221;off||||100px&#8221; border_color_all=&#8221;RGBA(255,255,255,0)&#8221; box_shadow_style=&#8221;preset2&#8243; box_shadow_horizontal=&#8221;7px&#8221; box_shadow_vertical=&#8221;7px&#8221; box_shadow_blur=&#8221;3px&#8221; global_colors_info=&#8221;{}&#8221;][et_pb_row column_structure=&#8221;1_2,1_2&#8243; make_equal=&#8221;on&#8221; _builder_version=&#8221;4.20.0&#8243; _module_preset=&#8221;default&#8221; background_color=&#8221;#e1eaef&#8221; width=&#8221;100%&#8221; max_width=&#8221;100%&#8221; custom_margin=&#8221;0px||0px||false|false&#8221; custom_padding=&#8221;0px||30px||false|false&#8221; custom_css_main_element=&#8221;align-items:center;&#8221; global_colors_info=&#8221;{}&#8221;][et_pb_column type=&#8221;1_2&#8243; _builder_version=&#8221;4.19.5&#8243; _module_preset=&#8221;default&#8221; global_colors_info=&#8221;{}&#8221;][et_pb_text _builder_version=&#8221;4.20.0&#8243; _module_preset=&#8221;default&#8221; text_font_size=&#8221;20px&#8221; header_3_font=&#8221;Exo 2|500|||||||&#8221; header_3_text_color=&#8221;#434344&#8243; header_3_line_height=&#8221;1.4em&#8221; custom_padding=&#8221;|||100px|false|false&#8221; custom_padding_tablet=&#8221;|||100px|false|false&#8221; custom_padding_phone=&#8221;20px|20px||20px|false|false&#8221; custom_padding_last_edited=&#8221;on|phone&#8221; global_colors_info=&#8221;{}&#8221;]<\/p>\n<p>We are a company providing data and all data-related development solutions, operating in Budapest and Miskolc, be it DevOps, data warehouse, business intelligence visualization or Big Data.<\/p>\n<p>Both the human resources we provide to our clients and the technologies we work with are cutting-edge, which not only cover the entire lifecycle of software development services, but also guarantee long-term quality operations.<\/p>\n<p>In all our work, we strive to make our clients\u2019 business success measurable in numbers through results and transparent communication in the course of our collaborative work.<\/p>\n<p>[\/et_pb_text][\/et_pb_column][et_pb_column type=&#8221;1_2&#8243; _builder_version=&#8221;4.19.5&#8243; _module_preset=&#8221;default&#8221; background_enable_color=&#8221;off&#8221; custom_padding=&#8221;||||false|false&#8221; border_radii=&#8221;off|||150px|400px&#8221; box_shadow_style=&#8221;preset4&#8243; box_shadow_horizontal=&#8221;7px&#8221; box_shadow_vertical=&#8221;7px&#8221; box_shadow_blur=&#8221;4px&#8221; global_colors_info=&#8221;{}&#8221;][et_pb_text _builder_version=&#8221;4.20.2&#8243; _module_preset=&#8221;default&#8221; text_font=&#8221;|300|||||||&#8221; text_text_color=&#8221;#FFFFFF&#8221; text_font_size=&#8221;17px&#8221; background_color=&#8221;#183358&#8243; custom_padding=&#8221;100px|100px|100px||false|false&#8221; custom_padding_tablet=&#8221;100px|100px|100px||false|false&#8221; custom_padding_phone=&#8221;100px|20px|120px|30px|false|false&#8221; custom_padding_last_edited=&#8221;on|phone&#8221; global_colors_info=&#8221;{}&#8221;]<\/p>\n<p style=\"text-align: right;\">Nextent has been a  <br \/>dedicated supplier of innovative<br \/>data-driven solutions<br \/>for nearly 20 years and works<br \/>relentlessly for the purpose<\/br>of a more efficient digital<\/br>transformation of companies.<\/p>\n<p style=\"text-align: right;\">With our customers and partners,<br \/>we mutually support technology advancements<br \/>that move many businesses forward.<\/p>\n<p>[\/et_pb_text][\/et_pb_column][\/et_pb_row][\/et_pb_section][et_pb_section fb_built=&#8221;1&#8243; _builder_version=&#8221;4.20.0&#8243; _module_preset=&#8221;default&#8221; background_color=&#8221;#FFFFFF&#8221; global_colors_info=&#8221;{}&#8221;][et_pb_row _builder_version=&#8221;4.19.5&#8243; _module_preset=&#8221;default&#8221; global_colors_info=&#8221;{}&#8221;][et_pb_column type=&#8221;4_4&#8243; _builder_version=&#8221;4.19.5&#8243; _module_preset=&#8221;default&#8221; global_colors_info=&#8221;{}&#8221;][et_pb_text _builder_version=&#8221;4.20.0&#8243; _module_preset=&#8221;default&#8221; header_2_font=&#8221;Exo 2|600||on|||||&#8221; header_2_text_align=&#8221;center&#8221; custom_margin=&#8221;||5px||false|false&#8221; header_2_text_shadow_style=&#8221;preset5&#8243; header_2_text_shadow_color=&#8221;rgba(0,0,0,0.25)&#8221; global_colors_info=&#8221;{}&#8221;]<\/p>\n<h2>Our Managers<\/h2>\n<p>[\/et_pb_text][et_pb_image src=&#8221;https:\/\/nextentservices.hu\/wp-content\/uploads\/2023\/02\/kek-also-vonal.png&#8221; title_text=&#8221;blue-underline&#8221; align=&#8221;center&#8221; _builder_version=&#8221;4.20.0&#8243; _module_preset=&#8221;default&#8221; background_color=&#8221;RGBA(255,255,255,0)&#8221; custom_margin=&#8221;0px||||false|false&#8221; custom_padding=&#8221;0px||||false|false&#8221; global_colors_info=&#8221;{}&#8221;][\/et_pb_image][\/et_pb_column][\/et_pb_row][et_pb_row column_structure=&#8221;1_3,1_3,1_3&#8243; make_equal=&#8221;on&#8221; _builder_version=&#8221;4.19.5&#8243; _module_preset=&#8221;default&#8221; global_colors_info=&#8221;{}&#8221;][et_pb_column type=&#8221;1_3&#8243; _builder_version=&#8221;4.19.5&#8243; _module_preset=&#8221;default&#8221; background_color=&#8221;#e1eaef&#8221; border_radii=&#8221;on|40px|40px|40px|40px&#8221; box_shadow_style=&#8221;preset4&#8243; box_shadow_horizontal=&#8221;7px&#8221; box_shadow_vertical=&#8221;7px&#8221; global_colors_info=&#8221;{}&#8221;][et_pb_team_member name=&#8221;Dr. Zsigmond Bodn\u00e1r&#8221; position=&#8221;Chairman of the Board of Directors&#8221; image_url=&#8221;https:\/\/nextentservices.hu\/wp-content\/uploads\/2023\/02\/Bodnar-Zsigmond.png&#8221; linkedin_url=&#8221;https:\/\/www.linkedin.com\/in\/bodnarzs\/&#8221; db_link_target=&#8221;on&#8221; icon_color=&#8221;#e85c28&#8243; _builder_version=&#8221;4.20.0&#8243; _module_preset=&#8221;default&#8221; header_text_color=&#8221;#e85c28&#8243; position_text_color=&#8221;#434344&#8243; custom_padding=&#8221;20px|20px|20px|20px|false|false&#8221; border_radii_image=&#8221;on|30px|30px|30px|30px&#8221; global_colors_info=&#8221;{}&#8221;][\/et_pb_team_member][\/et_pb_column][et_pb_column type=&#8221;1_3&#8243; _builder_version=&#8221;4.19.5&#8243; _module_preset=&#8221;default&#8221; background_color=&#8221;#e1eaef&#8221; border_radii=&#8221;on|40px|40px|40px|40px&#8221; box_shadow_style=&#8221;preset4&#8243; box_shadow_horizontal=&#8221;7px&#8221; box_shadow_vertical=&#8221;7px&#8221; global_colors_info=&#8221;{}&#8221;][et_pb_team_member name=&#8221;Zita Bottlikn\u00e9 Dalnoki&#8221; position=&#8221;Chief Financial Officer&#8221; image_url=&#8221;https:\/\/nextentservices.hu\/wp-content\/uploads\/2023\/02\/Dalnoki-Zita.png&#8221; linkedin_url=&#8221;https:\/\/www.linkedin.com\/in\/zita-dalnoki-8b5177a5\/&#8221; db_link_target=&#8221;on&#8221; icon_color=&#8221;#e85c28&#8243; _builder_version=&#8221;4.20.0&#8243; _module_preset=&#8221;default&#8221; header_text_color=&#8221;#e85c28&#8243; position_text_color=&#8221;#434344&#8243; custom_padding=&#8221;20px|20px|20px|20px|false|false&#8221; border_radii_image=&#8221;on|30px|30px|30px|30px&#8221; global_colors_info=&#8221;{}&#8221;][\/et_pb_team_member][\/et_pb_column][et_pb_column type=&#8221;1_3&#8243; _builder_version=&#8221;4.19.5&#8243; _module_preset=&#8221;default&#8221; background_color=&#8221;#e1eaef&#8221; border_radii=&#8221;on|40px|40px|40px|40px&#8221; box_shadow_style=&#8221;preset4&#8243; box_shadow_horizontal=&#8221;7px&#8221; box_shadow_vertical=&#8221;7px&#8221; global_colors_info=&#8221;{}&#8221;][et_pb_team_member name=&#8221;G\u00e1bor Adorj\u00e1n&#8221; position=&#8221;BI Business Unit Manager&#8221; image_url=&#8221;https:\/\/nextentservices.hu\/wp-content\/uploads\/2023\/02\/Adorjan-Gabor.png&#8221; linkedin_url=&#8221;https:\/\/www.linkedin.com\/in\/g%C3%A1bor-adorj%C3%A1n-a0411743\/&#8221; db_link_target=&#8221;on&#8221; icon_color=&#8221;#e85c28&#8243; _builder_version=&#8221;4.20.0&#8243; _module_preset=&#8221;default&#8221; header_text_color=&#8221;#e85c28&#8243; position_text_color=&#8221;#434344&#8243; custom_padding=&#8221;20px|20px|20px|20px|false|false&#8221; border_radii_image=&#8221;on|30px|30px|30px|30px&#8221; global_colors_info=&#8221;{}&#8221;][\/et_pb_team_member][\/et_pb_column][\/et_pb_row][et_pb_row column_structure=&#8221;1_3,1_3,1_3&#8243; make_equal=&#8221;on&#8221; _builder_version=&#8221;4.19.5&#8243; _module_preset=&#8221;default&#8221; global_colors_info=&#8221;{}&#8221;][et_pb_column type=&#8221;1_3&#8243; _builder_version=&#8221;4.19.5&#8243; _module_preset=&#8221;default&#8221; background_color=&#8221;#e1eaef&#8221; border_radii=&#8221;on|40px|40px|40px|40px&#8221; box_shadow_style=&#8221;preset4&#8243; box_shadow_horizontal=&#8221;7px&#8221; box_shadow_vertical=&#8221;7px&#8221; global_colors_info=&#8221;{}&#8221;][et_pb_team_member name=&#8221;Tam\u00e1s Bagi &#8221; position=&#8221;Business Development Manager&#8221; image_url=&#8221;https:\/\/nextentservices.hu\/wp-content\/uploads\/2023\/02\/Bagi-Tamas.png&#8221; linkedin_url=&#8221;https:\/\/www.linkedin.com\/in\/tamas-bagi\/&#8221; db_link_target=&#8221;on&#8221; icon_color=&#8221;#e85c28&#8243; _builder_version=&#8221;4.20.0&#8243; _module_preset=&#8221;default&#8221; header_text_color=&#8221;#e85c28&#8243; position_text_color=&#8221;#434344&#8243; custom_padding=&#8221;20px|20px|20px|20px|false|false&#8221; border_radii_image=&#8221;on|30px|30px|30px|30px&#8221; global_colors_info=&#8221;{}&#8221;][\/et_pb_team_member][\/et_pb_column][et_pb_column type=&#8221;1_3&#8243; _builder_version=&#8221;4.19.5&#8243; _module_preset=&#8221;default&#8221; background_color=&#8221;#e1eaef&#8221; border_radii=&#8221;on|40px|40px|40px|40px&#8221; box_shadow_style=&#8221;preset4&#8243; box_shadow_horizontal=&#8221;7px&#8221; box_shadow_vertical=&#8221;7px&#8221; global_colors_info=&#8221;{}&#8221;][et_pb_team_member name=&#8221;Attila Canjavec&#8221; position=&#8221;HR Manager&#8221; image_url=&#8221;https:\/\/nextentservices.hu\/wp-content\/uploads\/2023\/02\/Canjavec-Attila.png&#8221; linkedin_url=&#8221;https:\/\/www.linkedin.com\/in\/attila-canjavec-55375885\/&#8221; db_link_target=&#8221;on&#8221; icon_color=&#8221;#e85c28&#8243; _builder_version=&#8221;4.20.0&#8243; _module_preset=&#8221;default&#8221; header_text_color=&#8221;#e85c28&#8243; position_text_color=&#8221;#434344&#8243; custom_padding=&#8221;20px|20px|20px|20px|false|false&#8221; border_radii_image=&#8221;on|30px|30px|30px|30px&#8221; global_colors_info=&#8221;{}&#8221;][\/et_pb_team_member][\/et_pb_column][et_pb_column type=&#8221;1_3&#8243; _builder_version=&#8221;4.19.5&#8243; _module_preset=&#8221;default&#8221; background_color=&#8221;#e1eaef&#8221; border_radii=&#8221;on|40px|40px|40px|40px&#8221; box_shadow_style=&#8221;preset4&#8243; box_shadow_horizontal=&#8221;7px&#8221; box_shadow_vertical=&#8221;7px&#8221; global_colors_info=&#8221;{}&#8221;][et_pb_team_member name=&#8221;Bal\u00e1zs Szalai&#8221; position=&#8221;Technical Director&#8221; image_url=&#8221;https:\/\/nextentservices.hu\/wp-content\/uploads\/2023\/02\/Szalai-Balazs.png&#8221; linkedin_url=&#8221;https:\/\/www.linkedin.com\/in\/szalai-balazs\/&#8221; db_link_target=&#8221;on&#8221; icon_color=&#8221;#e85c28&#8243; _builder_version=&#8221;4.20.0&#8243; _module_preset=&#8221;default&#8221; header_text_color=&#8221;#e85c28&#8243; position_text_color=&#8221;#434344&#8243; custom_padding=&#8221;20px|20px|20px|20px|false|false&#8221; border_radii_image=&#8221;on|30px|30px|30px|30px&#8221; global_colors_info=&#8221;{}&#8221;][\/et_pb_team_member][\/et_pb_column][\/et_pb_row][\/et_pb_section][et_pb_section fb_built=&#8221;1&#8243; _builder_version=&#8221;4.19.5&#8243; _module_preset=&#8221;default&#8221; global_colors_info=&#8221;{}&#8221;][et_pb_row use_custom_gutter=&#8221;on&#8221; gutter_width=&#8221;1&#8243; _builder_version=&#8221;4.20.0&#8243; _module_preset=&#8221;default&#8221; global_colors_info=&#8221;{}&#8221;][et_pb_column type=&#8221;4_4&#8243; _builder_version=&#8221;4.20.0&#8243; _module_preset=&#8221;default&#8221; global_colors_info=&#8221;{}&#8221;][et_pb_button button_url=&#8221;https:\/\/nextentservices.hu\/en\/contact\/&#8221; button_text=&#8221;Send us a message&#8221; button_alignment=&#8221;center&#8221; module_class=&#8221;reveal_button&#8221; _builder_version=&#8221;4.21.0&#8243; _module_preset=&#8221;default&#8221; custom_button=&#8221;on&#8221; button_text_size=&#8221;18px&#8221; button_text_color=&#8221;#ffffff&#8221; button_bg_color=&#8221;#4995d1&#8243; button_border_color=&#8221;#4995d1&#8243; button_border_radius=&#8221;10px&#8221; button_font=&#8221;Roboto|||on|||||&#8221; button_use_icon=&#8221;off&#8221; box_shadow_style=&#8221;preset4&#8243; box_shadow_horizontal=&#8221;5px&#8221; box_shadow_vertical=&#8221;4px&#8221; box_shadow_blur=&#8221;7px&#8221; global_colors_info=&#8221;{}&#8221;][\/et_pb_button][\/et_pb_column][\/et_pb_row][\/et_pb_section]<\/p>\n","protected":false},"excerpt":{"rendered":"<p>Hello World! We are Nextent!Nextent &#8211; The digital industry expertWe are a company providing data and all data-related development solutions, operating in Budapest and Miskolc, be it DevOps, data warehouse, business intelligence visualization or Big Data. Both the human resources we provide to our clients and the technologies we work with are cutting-edge, which not only cover the entire lifecycle of software development services, but also guarantee long-term quality operations. In all our work, we strive to make our clients\u2019 business success measurable in numbers through results and transparent communication in the course of our collaborative work.Nextent has been a dedicated supplier of innovativedata-driven solutionsfor nearly 20 years and worksrelentlessly for the purposeof a more efficient digitaltransformation of companies. With our customers and partners,we mutually support technology advancementsthat move many businesses forward.Our Managers<\/p>\n","protected":false},"author":1,"featured_media":0,"parent":0,"menu_order":0,"comment_status":"closed","ping_status":"open","template":"","meta":{"_et_pb_use_builder":"on","_et_pb_old_content":"","_et_gb_content_width":"","footnotes":""},"class_list":["post-1186","page","type-page","status-publish","hentry"],"yoast_head":"<!-- This site is optimized with the Yoast SEO Premium plugin v26.2 (Yoast SEO v26.4) - https:\/\/yoast.com\/wordpress\/plugins\/seo\/ -->\n<title>The Digital Industry Expert | Nextent Services<\/title>\n<meta name=\"description\" content=\"We deliver data-related development solutions: DevOps, data warehouse, Business Intelligence visualization, Big Data etc.\" \/>\n<meta name=\"robots\" content=\"index, follow, max-snippet:-1, max-image-preview:large, max-video-preview:-1\" \/>\n<link rel=\"canonical\" href=\"https:\/\/nextentservices.hu\/en\/about-us\/\" \/>\n<meta property=\"og:locale\" content=\"en_US\" \/>\n<meta property=\"og:type\" content=\"article\" \/>\n<meta property=\"og:title\" content=\"The Digital Industry Expert | Nextent Services\" \/>\n<meta property=\"og:description\" content=\"We deliver data-related development solutions.\" \/>\n<meta property=\"og:url\" content=\"https:\/\/nextentservices.hu\/en\/about-us\/\" \/>\n<meta property=\"og:site_name\" content=\"Nextent Services\" \/>\n<meta property=\"article:modified_time\" content=\"2026-02-03T08:18:30+00:00\" \/>\n<meta property=\"og:image\" content=\"https:\/\/nextentservices.hu\/wp-content\/uploads\/2023\/02\/rolunk-1024x682.jpg\" \/>\n<meta name=\"twitter:card\" content=\"summary_large_image\" \/>\n<meta name=\"twitter:title\" content=\"The Digital Industry Expert | Nextent Services\" \/>\n<meta name=\"twitter:description\" content=\"We deliver data-related development solutions.\" \/>\n<meta name=\"twitter:label1\" content=\"Est. reading time\" \/>\n\t<meta name=\"twitter:data1\" content=\"3 minutes\" \/>\n<script type=\"application\/ld+json\" class=\"yoast-schema-graph\">{\"@context\":\"https:\/\/schema.org\",\"@graph\":[{\"@type\":\"WebPage\",\"@id\":\"https:\/\/nextentservices.hu\/en\/about-us\/\",\"url\":\"https:\/\/nextentservices.hu\/en\/about-us\/\",\"name\":\"The Digital Industry Expert | Nextent Services\",\"isPartOf\":{\"@id\":\"https:\/\/nextentservices.hu\/en\/#website\"},\"datePublished\":\"2023-02-26T14:42:59+00:00\",\"dateModified\":\"2026-02-03T08:18:30+00:00\",\"description\":\"We deliver data-related development solutions: DevOps, data warehouse, Business Intelligence visualization, Big Data etc.\",\"breadcrumb\":{\"@id\":\"https:\/\/nextentservices.hu\/en\/about-us\/#breadcrumb\"},\"inLanguage\":\"en-US\",\"potentialAction\":[{\"@type\":\"ReadAction\",\"target\":[\"https:\/\/nextentservices.hu\/en\/about-us\/\"]}]},{\"@type\":\"BreadcrumbList\",\"@id\":\"https:\/\/nextentservices.hu\/en\/about-us\/#breadcrumb\",\"itemListElement\":[{\"@type\":\"ListItem\",\"position\":1,\"name\":\"Home\",\"item\":\"https:\/\/nextentservices.hu\/en\/\"},{\"@type\":\"ListItem\",\"position\":2,\"name\":\"About us\"}]},{\"@type\":\"WebSite\",\"@id\":\"https:\/\/nextentservices.hu\/en\/#website\",\"url\":\"https:\/\/nextentservices.hu\/en\/\",\"name\":\"Nextent Services\",\"description\":\"Nextent Solutions - A digit\u00e1lis ipar\u00e1gi szak\u00e9rt\u0151\",\"publisher\":{\"@id\":\"https:\/\/nextentservices.hu\/en\/#organization\"},\"potentialAction\":[{\"@type\":\"SearchAction\",\"target\":{\"@type\":\"EntryPoint\",\"urlTemplate\":\"https:\/\/nextentservices.hu\/en\/?s={search_term_string}\"},\"query-input\":{\"@type\":\"PropertyValueSpecification\",\"valueRequired\":true,\"valueName\":\"search_term_string\"}}],\"inLanguage\":\"en-US\"},{\"@type\":\"Organization\",\"@id\":\"https:\/\/nextentservices.hu\/en\/#organization\",\"name\":\"NEXTENT zrt.\",\"url\":\"https:\/\/nextentservices.hu\/en\/\",\"logo\":{\"@type\":\"ImageObject\",\"inLanguage\":\"en-US\",\"@id\":\"https:\/\/nextentservices.hu\/en\/#\/schema\/logo\/image\/\",\"url\":\"https:\/\/nextentservices.hu\/wp-content\/uploads\/2023\/02\/nextent-favicon.png\",\"contentUrl\":\"https:\/\/nextentservices.hu\/wp-content\/uploads\/2023\/02\/nextent-favicon.png\",\"width\":393,\"height\":393,\"caption\":\"NEXTENT zrt.\"},\"image\":{\"@id\":\"https:\/\/nextentservices.hu\/en\/#\/schema\/logo\/image\/\"}}]}<\/script>\n<!-- \/ Yoast SEO Premium plugin. -->","yoast_head_json":{"title":"The Digital Industry Expert | Nextent Services","description":"We deliver data-related development solutions: DevOps, data warehouse, Business Intelligence visualization, Big Data etc.","robots":{"index":"index","follow":"follow","max-snippet":"max-snippet:-1","max-image-preview":"max-image-preview:large","max-video-preview":"max-video-preview:-1"},"canonical":"https:\/\/nextentservices.hu\/en\/about-us\/","og_locale":"en_US","og_type":"article","og_title":"The Digital Industry Expert | Nextent Services","og_description":"We deliver data-related development solutions.","og_url":"https:\/\/nextentservices.hu\/en\/about-us\/","og_site_name":"Nextent Services","article_modified_time":"2026-02-03T08:18:30+00:00","og_image":[{"url":"https:\/\/nextentservices.hu\/wp-content\/uploads\/2023\/02\/rolunk-1024x682.jpg","type":"","width":"","height":""}],"twitter_card":"summary_large_image","twitter_title":"The Digital Industry Expert | Nextent Services","twitter_description":"We deliver data-related development solutions.","twitter_misc":{"Est. reading time":"3 minutes"},"schema":{"@context":"https:\/\/schema.org","@graph":[{"@type":"WebPage","@id":"https:\/\/nextentservices.hu\/en\/about-us\/","url":"https:\/\/nextentservices.hu\/en\/about-us\/","name":"The Digital Industry Expert | Nextent Services","isPartOf":{"@id":"https:\/\/nextentservices.hu\/en\/#website"},"datePublished":"2023-02-26T14:42:59+00:00","dateModified":"2026-02-03T08:18:30+00:00","description":"We deliver data-related development solutions: DevOps, data warehouse, Business Intelligence visualization, Big Data etc.","breadcrumb":{"@id":"https:\/\/nextentservices.hu\/en\/about-us\/#breadcrumb"},"inLanguage":"en-US","potentialAction":[{"@type":"ReadAction","target":["https:\/\/nextentservices.hu\/en\/about-us\/"]}]},{"@type":"BreadcrumbList","@id":"https:\/\/nextentservices.hu\/en\/about-us\/#breadcrumb","itemListElement":[{"@type":"ListItem","position":1,"name":"Home","item":"https:\/\/nextentservices.hu\/en\/"},{"@type":"ListItem","position":2,"name":"About us"}]},{"@type":"WebSite","@id":"https:\/\/nextentservices.hu\/en\/#website","url":"https:\/\/nextentservices.hu\/en\/","name":"Nextent Services","description":"Nextent Solutions - A digit\u00e1lis ipar\u00e1gi szak\u00e9rt\u0151","publisher":{"@id":"https:\/\/nextentservices.hu\/en\/#organization"},"potentialAction":[{"@type":"SearchAction","target":{"@type":"EntryPoint","urlTemplate":"https:\/\/nextentservices.hu\/en\/?s={search_term_string}"},"query-input":{"@type":"PropertyValueSpecification","valueRequired":true,"valueName":"search_term_string"}}],"inLanguage":"en-US"},{"@type":"Organization","@id":"https:\/\/nextentservices.hu\/en\/#organization","name":"NEXTENT zrt.","url":"https:\/\/nextentservices.hu\/en\/","logo":{"@type":"ImageObject","inLanguage":"en-US","@id":"https:\/\/nextentservices.hu\/en\/#\/schema\/logo\/image\/","url":"https:\/\/nextentservices.hu\/wp-content\/uploads\/2023\/02\/nextent-favicon.png","contentUrl":"https:\/\/nextentservices.hu\/wp-content\/uploads\/2023\/02\/nextent-favicon.png","width":393,"height":393,"caption":"NEXTENT zrt."},"image":{"@id":"https:\/\/nextentservices.hu\/en\/#\/schema\/logo\/image\/"}}]}},"_links":{"self":[{"href":"https:\/\/nextentservices.hu\/en\/wp-json\/wp\/v2\/pages\/1186","targetHints":{"allow":["GET"]}}],"collection":[{"href":"https:\/\/nextentservices.hu\/en\/wp-json\/wp\/v2\/pages"}],"about":[{"href":"https:\/\/nextentservices.hu\/en\/wp-json\/wp\/v2\/types\/page"}],"author":[{"embeddable":true,"href":"https:\/\/nextentservices.hu\/en\/wp-json\/wp\/v2\/users\/1"}],"replies":[{"embeddable":true,"href":"https:\/\/nextentservices.hu\/en\/wp-json\/wp\/v2\/comments?post=1186"}],"version-history":[{"count":1,"href":"https:\/\/nextentservices.hu\/en\/wp-json\/wp\/v2\/pages\/1186\/revisions"}],"predecessor-version":[{"id":3072,"href":"https:\/\/nextentservices.hu\/en\/wp-json\/wp\/v2\/pages\/1186\/revisions\/3072"}],"wp:attachment":[{"href":"https:\/\/nextentservices.hu\/en\/wp-json\/wp\/v2\/media?parent=1186"}],"curies":[{"name":"wp","href":"https:\/\/api.w.org\/{rel}","templated":true}]}}