{"id":1177,"date":"2023-02-15T08:25:36","date_gmt":"2023-02-15T06:25:36","guid":{"rendered":"https:\/\/nextentservices.hu\/contact\/"},"modified":"2026-02-03T10:18:30","modified_gmt":"2026-02-03T08:18:30","slug":"contact","status":"publish","type":"page","link":"https:\/\/nextentservices.hu\/en\/contact\/","title":{"rendered":"CONTACT"},"content":{"rendered":"<p>[et_pb_section fb_built=&#8221;1&#8243; _builder_version=&#8221;4.20.0&#8243; _module_preset=&#8221;default&#8221; background_color=&#8221;rgba(24,51,88,0.36)&#8221; background_image=&#8221;https:\/\/nextentservices.hu\/wp-content\/uploads\/2023\/02\/devops-hatter-1.jpg&#8221; background_blend=&#8221;darken&#8221; min_height=&#8221;500px&#8221; custom_margin=&#8221;90px||||false|false&#8221; custom_padding=&#8221;0px||0px||false|false&#8221; global_colors_info=&#8221;{}&#8221;][et_pb_row column_structure=&#8221;1_2,1_2&#8243; _builder_version=&#8221;4.19.5&#8243; _module_preset=&#8221;default&#8221; custom_margin=&#8221;||||false|false&#8221; custom_padding=&#8221;80px||||false|false&#8221; global_colors_info=&#8221;{}&#8221;][et_pb_column type=&#8221;1_2&#8243; _builder_version=&#8221;4.19.5&#8243; _module_preset=&#8221;default&#8221; global_colors_info=&#8221;{}&#8221;][et_pb_text _builder_version=&#8221;4.20.2&#8243; _module_preset=&#8221;default&#8221; header_font=&#8221;Exo 2|600||on|||||&#8221; header_text_align=&#8221;left&#8221; header_text_color=&#8221;#FFFFFF&#8221; header_font_size=&#8221;35px&#8221; header_line_height=&#8221;1.2em&#8221; header_2_font=&#8221;Exo 2|600|||||||&#8221; header_2_text_align=&#8221;left&#8221; header_2_text_color=&#8221;#1d2c47&#8243; custom_padding=&#8221;||30px||false|false&#8221; header_font_size_tablet=&#8221;35px&#8221; header_font_size_phone=&#8221;30px&#8221; header_font_size_last_edited=&#8221;on|phone&#8221; header_text_shadow_style=&#8221;preset5&#8243; header_text_shadow_color=&#8221;rgba(0,0,0,0.25)&#8221; header_2_text_shadow_style=&#8221;preset5&#8243; header_2_text_shadow_color=&#8221;rgba(0,0,0,0.25)&#8221; global_colors_info=&#8221;{}&#8221;]<\/p>\n<h1>Make the most of your data!<\/h1>\n<p>[\/et_pb_text][et_pb_button button_url=&#8221;https:\/\/nextentservices.hu\/en\/contact\/#form&#8221; button_text=&#8221;Contact us&#8221; button_alignment=&#8221;left&#8221; _builder_version=&#8221;4.21.0&#8243; _module_preset=&#8221;default&#8221; custom_button=&#8221;on&#8221; button_text_size=&#8221;23px&#8221; button_text_color=&#8221;#ffffff&#8221; button_bg_color=&#8221;#e85c28&#8243; button_border_color=&#8221;#e85c28&#8243; button_border_radius=&#8221;10px&#8221; button_font=&#8221;Roboto|500||on|||||&#8221; button_use_icon=&#8221;off&#8221; custom_margin=&#8221;||||false|false&#8221; custom_padding=&#8221;5px|10px|5px|10px|false|false&#8221; hover_enabled=&#8221;0&#8243; button_text_shadow_style=&#8221;preset5&#8243; button_text_shadow_color=&#8221;rgba(0,0,0,0.25)&#8221; box_shadow_style=&#8221;preset4&#8243; box_shadow_horizontal=&#8221;5px&#8221; box_shadow_vertical=&#8221;4px&#8221; box_shadow_blur=&#8221;7px&#8221; global_colors_info=&#8221;{}&#8221; sticky_enabled=&#8221;0&#8243;][\/et_pb_button][\/et_pb_column][et_pb_column type=&#8221;1_2&#8243; _builder_version=&#8221;4.19.5&#8243; _module_preset=&#8221;default&#8221; global_colors_info=&#8221;{}&#8221;][\/et_pb_column][\/et_pb_row][\/et_pb_section][et_pb_section fb_built=&#8221;1&#8243; _builder_version=&#8221;4.19.5&#8243; _module_preset=&#8221;default&#8221; custom_margin=&#8221;||||false|false&#8221; custom_padding=&#8221;20px||20px||false|false&#8221; global_colors_info=&#8221;{}&#8221;][et_pb_row _builder_version=&#8221;4.19.5&#8243; _module_preset=&#8221;default&#8221; global_colors_info=&#8221;{}&#8221;][et_pb_column type=&#8221;4_4&#8243; _builder_version=&#8221;4.19.5&#8243; _module_preset=&#8221;default&#8221; global_colors_info=&#8221;{}&#8221;][et_pb_text _builder_version=&#8221;4.19.5&#8243; _module_preset=&#8221;default&#8221; header_2_font=&#8221;Exo 2|600|||||||&#8221; header_2_text_align=&#8221;center&#8221; header_2_text_color=&#8221;#1d2c47&#8243; custom_margin=&#8221;||0px||false|false&#8221; custom_padding=&#8221;||0px||false|false&#8221; header_2_text_shadow_style=&#8221;preset5&#8243; header_2_text_shadow_color=&#8221;rgba(0,0,0,0.25)&#8221; global_colors_info=&#8221;{}&#8221;]<\/p>\n<h2>OUR CONTACT INFORMATION<\/h2>\n<p>[\/et_pb_text][et_pb_image src=&#8221;https:\/\/nextentservices.hu\/wp-content\/uploads\/2023\/02\/kek-also-vonal.png&#8221; title_text=&#8221;blue-underline&#8221; align=&#8221;center&#8221; _builder_version=&#8221;4.19.5&#8243; _module_preset=&#8221;default&#8221; background_color=&#8221;RGBA(255,255,255,0)&#8221; custom_margin=&#8221;0px||||false|false&#8221; custom_padding=&#8221;0px||||false|false&#8221; global_colors_info=&#8221;{}&#8221;][\/et_pb_image][et_pb_text _builder_version=&#8221;4.19.5&#8243; _module_preset=&#8221;default&#8221; text_text_color=&#8221;#434344&#8243; text_font_size=&#8221;20px&#8221; global_colors_info=&#8221;{}&#8221;]<\/p>\n<p style=\"text-align: center;\">You can easily contact us!<\/p>\n<p style=\"text-align: center;\">Call, write or fill out the form below and our colleagues will contact you the same day.\n<\/p>\n<p>[\/et_pb_text][\/et_pb_column][\/et_pb_row][\/et_pb_section][et_pb_section fb_built=&#8221;1&#8243; _builder_version=&#8221;4.20.2&#8243; _module_preset=&#8221;default&#8221; custom_margin=&#8221;0px||0px||false|false&#8221; custom_padding=&#8221;0px||0px||false|false&#8221; global_colors_info=&#8221;{}&#8221;][et_pb_row column_structure=&#8221;1_2,1_2&#8243; use_custom_gutter=&#8221;on&#8221; gutter_width=&#8221;1&#8243; make_equal=&#8221;on&#8221; _builder_version=&#8221;4.20.2&#8243; _module_preset=&#8221;default&#8221; width=&#8221;100%&#8221; max_width=&#8221;100%&#8221; custom_margin=&#8221;0px||0px||false|false&#8221; custom_padding=&#8221;0px||0px||false|false&#8221; custom_css_main_element=&#8221;align-items:center;&#8221; global_colors_info=&#8221;{}&#8221;][et_pb_column type=&#8221;1_2&#8243; _builder_version=&#8221;4.20.2&#8243; _module_preset=&#8221;default&#8221; background_enable_image=&#8221;off&#8221; background_size=&#8221;contain&#8221; background_position=&#8221;bottom_center&#8221; custom_padding=&#8221;0px||0px||false|false&#8221; global_colors_info=&#8221;{}&#8221;][et_pb_text _builder_version=&#8221;4.20.2&#8243; _module_preset=&#8221;default&#8221; text_text_color=&#8221;#434344&#8243; text_font_size=&#8221;20px&#8221; header_font=&#8221;|||on|||||&#8221; header_2_font=&#8221;|||on|||||&#8221; header_2_font_size=&#8221;23px&#8221; text_orientation=&#8221;center&#8221; custom_padding=&#8221;25px|0px||100px|false|false&#8221; custom_padding_tablet=&#8221;|||0px|false|false&#8221; custom_padding_phone=&#8221;25px|0px||0px|false|false&#8221; custom_padding_last_edited=&#8221;on|tablet&#8221; header_2_text_shadow_style=&#8221;preset4&#8243; global_colors_info=&#8221;{}&#8221;]<\/p>\n<h2>Our headquarters and address<\/h2>\n<p>[\/et_pb_text][et_pb_text _builder_version=&#8221;4.20.2&#8243; _module_preset=&#8221;default&#8221; text_text_color=&#8221;#434344&#8243; text_font_size=&#8221;20px&#8221; link_text_color=&#8221;#000000&#8243; custom_padding=&#8221;50px|||100px|false|false&#8221; custom_padding_tablet=&#8221;||50px|0px|false|false&#8221; custom_padding_phone=&#8221;|||0px|false|false&#8221; custom_padding_last_edited=&#8221;on|tablet&#8221; link_option_url=&#8221;google.com\/maps\/place\/Budapest,+Feh\u00e9rv\u00e1ri+\u00fat+97-99,+1119\/@47.4633619,19.0400653,17z\/data=!3m1!4b1!4m6!3m5!1s0x4741dda330eb87a7:0x2956019dbea8b85!8m2!3d47.4633619!4d19.042254!16s%2Fg%2F11c228jszh&#8221; link_option_url_new_window=&#8221;on&#8221; global_colors_info=&#8221;{}&#8221;]<\/p>\n<p style=\"text-align: center;\"><img decoding=\"async\" class=\"wp-image-726 alignnone size-medium\" style=\"vertical-align: middle;\" src=\"https:\/\/nextentservices.hu\/wp-content\/uploads\/2023\/03\/map-icon-300x300.png\" alt=\"\" width=\"35\" height=\"35\" \/><a href=\"mailto:google.com\/maps\/place\/Budapest,+Feh\u00e9rv\u00e1ri+\u00fat+97-99,+1119\/@47.4633619,19.0400653,17z\/data=!3m1!4b1!4m6!3m5!1s0x4741dda330eb87a7:0x2956019dbea8b85!8m2!3d47.4633619!4d19.042254!16s%2Fg%2F11c228jszh\" target=\"_blank\" rel=\"noopener\"><span style=\"font-weight: 400;\">1119 Budapest, Feh\u00e9rv\u00e1ri \u00fat 97-99.<\/span><\/a><\/p>\n<p style=\"text-align: center;\"><span style=\"font-weight: 400;\">F99 irodah\u00e1z, 2. emelet<\/span><\/p>\n<p style=\"text-align: center;\"><span style=\"font-weight: 400;\"><img decoding=\"async\" class=\"wp-image-728 alignnone size-medium\" style=\"vertical-align: middle;\" src=\"https:\/\/nextentservices.hu\/wp-content\/uploads\/2023\/03\/NEXTENT_ikonok_narancs-11-small-300x300.png\" alt=\"\" width=\"30\" height=\"30\" \/> +36 1 246 2907<\/span><\/p>\n<p style=\"text-align: center;\"><span style=\"font-weight: 400;\"><img decoding=\"async\" class=\"wp-image-729 alignnone size-medium\" style=\"vertical-align: middle;\" src=\"https:\/\/nextentservices.hu\/wp-content\/uploads\/2023\/03\/NEXTENT_ikonok_narancs-12-small-300x300.png\" alt=\"\" width=\"30\" height=\"30\" \/><a href=\"mailto:nextentservices@nextent.hu\"> nextentservices@nextent.hu<\/a><\/span><\/p>\n<p>[\/et_pb_text][\/et_pb_column][et_pb_column type=&#8221;1_2&#8243; _builder_version=&#8221;4.20.2&#8243; _module_preset=&#8221;default&#8221; custom_padding=&#8221;0px||0px||false|false&#8221; global_colors_info=&#8221;{}&#8221;][et_pb_map address=&#8221;Budapest, Feh\u00e9rv\u00e1ri \u00fat 97, 1119 Magyarorsz\u00e1g&#8221; address_lat=&#8221;47.4630662&#8243; address_lng=&#8221;19.0420085&#8243; _builder_version=&#8221;4.20.2&#8243; _module_preset=&#8221;default&#8221; min_height=&#8221;500px&#8221; custom_margin=&#8221;0px||0px||false|false&#8221; custom_padding=&#8221;0px||0px||false|false&#8221; global_colors_info=&#8221;{}&#8221;][et_pb_map_pin title=&#8221;1119 Budapest Feh\u00e9rv\u00e1ri \u00fat 97&#8243; pin_address=&#8221;Budapest, Feh\u00e9rv\u00e1ri \u00fat 97, 1119 Magyarorsz\u00e1g&#8221; pin_address_lat=&#8221;47.4630662&#8243; pin_address_lng=&#8221;19.0420085&#8243; _builder_version=&#8221;4.20.2&#8243; _module_preset=&#8221;default&#8221; global_colors_info=&#8221;{}&#8221;][\/et_pb_map_pin][\/et_pb_map][\/et_pb_column][\/et_pb_row][\/et_pb_section][et_pb_section fb_built=&#8221;1&#8243; _builder_version=&#8221;4.20.0&#8243; _module_preset=&#8221;default&#8221; custom_margin=&#8221;||0px||false|false&#8221; custom_padding=&#8221;||0px||false|false&#8221; global_colors_info=&#8221;{}&#8221;][et_pb_row _builder_version=&#8221;4.19.5&#8243; _module_preset=&#8221;default&#8221; global_colors_info=&#8221;{}&#8221;][et_pb_column type=&#8221;4_4&#8243; _builder_version=&#8221;4.19.5&#8243; _module_preset=&#8221;default&#8221; global_colors_info=&#8221;{}&#8221;][et_pb_text _builder_version=&#8221;4.19.5&#8243; _module_preset=&#8221;default&#8221; header_2_font=&#8221;Exo 2|600|||||||&#8221; header_2_text_align=&#8221;center&#8221; header_2_text_color=&#8221;#1d2c47&#8243; custom_margin=&#8221;||5px||false|false&#8221; header_2_text_shadow_style=&#8221;preset5&#8243; header_2_text_shadow_color=&#8221;rgba(0,0,0,0.25)&#8221; global_colors_info=&#8221;{}&#8221;]<\/p>\n<h2>DETAILED COMPANY INFORMATION AND INVOICING:<\/h2>\n<p>[\/et_pb_text][et_pb_image src=&#8221;https:\/\/nextentservices.hu\/wp-content\/uploads\/2023\/02\/kek-also-vonal.png&#8221; title_text=&#8221;blue-underline&#8221; align=&#8221;center&#8221; _builder_version=&#8221;4.19.5&#8243; _module_preset=&#8221;default&#8221; background_color=&#8221;RGBA(255,255,255,0)&#8221; custom_margin=&#8221;0px||||false|false&#8221; custom_padding=&#8221;0px||||false|false&#8221; global_colors_info=&#8221;{}&#8221;][\/et_pb_image][\/et_pb_column][\/et_pb_row][et_pb_row make_equal=&#8221;on&#8221; _builder_version=&#8221;4.20.2&#8243; _module_preset=&#8221;default&#8221; custom_css_main_element=&#8221;align-items:center;&#8221; global_colors_info=&#8221;{}&#8221;][et_pb_column type=&#8221;4_4&#8243; _builder_version=&#8221;4.20.2&#8243; _module_preset=&#8221;default&#8221; custom_padding=&#8221;|||80px|false|false&#8221; custom_padding_tablet=&#8221;|||0px|false|false&#8221; custom_padding_phone=&#8221;|||0px|false|false&#8221; custom_padding_last_edited=&#8221;on|tablet&#8221; global_colors_info=&#8221;{}&#8221;][et_pb_text _builder_version=&#8221;4.20.2&#8243; _module_preset=&#8221;default&#8221; text_text_color=&#8221;#434344&#8243; text_font_size=&#8221;16px&#8221; global_colors_info=&#8221;{}&#8221;]Full name: <span>NEXTENT Informatika z\u00e1rtk\u00f6r\u0171en m\u0171k\u00f6d\u0151 r\u00e9szv\u00e9nyt\u00e1rsas\u00e1g<\/span><\/p>\n<p>Short name: NEXTENT zrt.<\/p>\n<p>Tax number: 13522225-2-43<\/p>\n<p>Principal activity: 6201 Sz\u00e1m\u00edt\u00f3g\u00e9pes programoz\u00e1s<\/p>\n<p>Bank account number: CIB Bank<\/p>\n<p>10700024-48370404-51100005<\/p>\n<p>&nbsp;<\/p>\n<p>For questions about invoicing, please contact us at  <a href= \"mailto: szamla@nextent.hu\">szamla@nextent.hu<\/a> email c\u00edmen v\u00e1rjuk megkeres\u00e9s\u00e9t.<\/p>\n<p>&nbsp;[\/et_pb_text][\/et_pb_column][\/et_pb_row][\/et_pb_section]<\/p>\n","protected":false},"excerpt":{"rendered":"<p>Make the most of your data!OUR CONTACT INFORMATIONYou can easily contact us! Call, write or fill out the form below and our colleagues will contact you the same day. Our headquarters and address1119 Budapest, Feh\u00e9rv\u00e1ri \u00fat 97-99. F99 irodah\u00e1z, 2. emelet +36 1 246 2907 nextentservices@nextent.huDETAILED COMPANY INFORMATION AND INVOICING:Full name: NEXTENT Informatika z\u00e1rtk\u00f6r\u0171en m\u0171k\u00f6d\u0151 r\u00e9szv\u00e9nyt\u00e1rsas\u00e1g Short name: NEXTENT zrt. Tax number: 13522225-2-43 Principal activity: 6201 Sz\u00e1m\u00edt\u00f3g\u00e9pes programoz\u00e1s Bank account number: CIB Bank 10700024-48370404-51100005 &nbsp; For questions about invoicing, please contact us at szamla@nextent.hu email c\u00edmen v\u00e1rjuk megkeres\u00e9s\u00e9t. &nbsp;<\/p>\n","protected":false},"author":1,"featured_media":0,"parent":0,"menu_order":0,"comment_status":"closed","ping_status":"closed","template":"","meta":{"_et_pb_use_builder":"on","_et_pb_old_content":"","_et_gb_content_width":"","footnotes":""},"class_list":["post-1177","page","type-page","status-publish","hentry"],"yoast_head":"<!-- This site is optimized with the Yoast SEO Premium plugin v26.2 (Yoast SEO v26.4) - https:\/\/yoast.com\/wordpress\/plugins\/seo\/ -->\n<title>Contact us | Nextent Services<\/title>\n<meta name=\"description\" content=\"Contact us easily by phone, e-mail, or fill out the form below, and we will contact you as soon as possible.\" \/>\n<meta name=\"robots\" content=\"index, follow, max-snippet:-1, max-image-preview:large, max-video-preview:-1\" \/>\n<link rel=\"canonical\" href=\"https:\/\/nextentservices.hu\/en\/contact\/\" \/>\n<meta property=\"og:locale\" content=\"en_US\" \/>\n<meta property=\"og:type\" content=\"article\" \/>\n<meta property=\"og:title\" content=\"Contact us | Nextent Services\" \/>\n<meta property=\"og:description\" content=\"Contact us | Nextent Services\" \/>\n<meta property=\"og:url\" content=\"https:\/\/nextentservices.hu\/en\/contact\/\" \/>\n<meta property=\"og:site_name\" content=\"Nextent Services\" \/>\n<meta property=\"article:modified_time\" content=\"2026-02-03T08:18:30+00:00\" \/>\n<meta property=\"og:image\" content=\"https:\/\/nextentservices.hu\/wp-content\/uploads\/2023\/02\/devops-hatter-1-1024x683.jpg\" \/>\n<meta name=\"twitter:card\" content=\"summary_large_image\" \/>\n<meta name=\"twitter:title\" content=\"CONTACT\" \/>\n<meta name=\"twitter:description\" content=\"Contact us by phone, e-mail, or fill out the form below\" \/>\n<meta name=\"twitter:label1\" content=\"Est. reading time\" \/>\n\t<meta name=\"twitter:data1\" content=\"3 minutes\" \/>\n<script type=\"application\/ld+json\" class=\"yoast-schema-graph\">{\"@context\":\"https:\/\/schema.org\",\"@graph\":[{\"@type\":\"WebPage\",\"@id\":\"https:\/\/nextentservices.hu\/en\/contact\/\",\"url\":\"https:\/\/nextentservices.hu\/en\/contact\/\",\"name\":\"Contact us | Nextent Services\",\"isPartOf\":{\"@id\":\"https:\/\/nextentservices.hu\/en\/#website\"},\"primaryImageOfPage\":{\"@id\":\"https:\/\/nextentservices.hu\/en\/contact\/#primaryimage\"},\"image\":{\"@id\":\"https:\/\/nextentservices.hu\/en\/contact\/#primaryimage\"},\"thumbnailUrl\":\"https:\/\/nextentservices.hu\/wp-content\/uploads\/2023\/03\/map-icon-300x300.png\",\"datePublished\":\"2023-02-15T06:25:36+00:00\",\"dateModified\":\"2026-02-03T08:18:30+00:00\",\"description\":\"Contact us easily by phone, e-mail, or fill out the form below, and we will contact you as soon as possible.\",\"breadcrumb\":{\"@id\":\"https:\/\/nextentservices.hu\/en\/contact\/#breadcrumb\"},\"inLanguage\":\"en-US\",\"potentialAction\":[{\"@type\":\"ReadAction\",\"target\":[\"https:\/\/nextentservices.hu\/en\/contact\/\"]}]},{\"@type\":\"ImageObject\",\"inLanguage\":\"en-US\",\"@id\":\"https:\/\/nextentservices.hu\/en\/contact\/#primaryimage\",\"url\":\"https:\/\/nextentservices.hu\/wp-content\/uploads\/2023\/03\/map-icon-300x300.png\",\"contentUrl\":\"https:\/\/nextentservices.hu\/wp-content\/uploads\/2023\/03\/map-icon-300x300.png\"},{\"@type\":\"BreadcrumbList\",\"@id\":\"https:\/\/nextentservices.hu\/en\/contact\/#breadcrumb\",\"itemListElement\":[{\"@type\":\"ListItem\",\"position\":1,\"name\":\"Home\",\"item\":\"https:\/\/nextentservices.hu\/en\/\"},{\"@type\":\"ListItem\",\"position\":2,\"name\":\"CONTACT\"}]},{\"@type\":\"WebSite\",\"@id\":\"https:\/\/nextentservices.hu\/en\/#website\",\"url\":\"https:\/\/nextentservices.hu\/en\/\",\"name\":\"Nextent Services\",\"description\":\"Nextent Solutions - A digit\u00e1lis ipar\u00e1gi szak\u00e9rt\u0151\",\"publisher\":{\"@id\":\"https:\/\/nextentservices.hu\/en\/#organization\"},\"potentialAction\":[{\"@type\":\"SearchAction\",\"target\":{\"@type\":\"EntryPoint\",\"urlTemplate\":\"https:\/\/nextentservices.hu\/en\/?s={search_term_string}\"},\"query-input\":{\"@type\":\"PropertyValueSpecification\",\"valueRequired\":true,\"valueName\":\"search_term_string\"}}],\"inLanguage\":\"en-US\"},{\"@type\":\"Organization\",\"@id\":\"https:\/\/nextentservices.hu\/en\/#organization\",\"name\":\"NEXTENT zrt.\",\"url\":\"https:\/\/nextentservices.hu\/en\/\",\"logo\":{\"@type\":\"ImageObject\",\"inLanguage\":\"en-US\",\"@id\":\"https:\/\/nextentservices.hu\/en\/#\/schema\/logo\/image\/\",\"url\":\"https:\/\/nextentservices.hu\/wp-content\/uploads\/2023\/02\/nextent-favicon.png\",\"contentUrl\":\"https:\/\/nextentservices.hu\/wp-content\/uploads\/2023\/02\/nextent-favicon.png\",\"width\":393,\"height\":393,\"caption\":\"NEXTENT zrt.\"},\"image\":{\"@id\":\"https:\/\/nextentservices.hu\/en\/#\/schema\/logo\/image\/\"}}]}<\/script>\n<!-- \/ Yoast SEO Premium plugin. -->","yoast_head_json":{"title":"Contact us | Nextent Services","description":"Contact us easily by phone, e-mail, or fill out the form below, and we will contact you as soon as possible.","robots":{"index":"index","follow":"follow","max-snippet":"max-snippet:-1","max-image-preview":"max-image-preview:large","max-video-preview":"max-video-preview:-1"},"canonical":"https:\/\/nextentservices.hu\/en\/contact\/","og_locale":"en_US","og_type":"article","og_title":"Contact us | Nextent Services","og_description":"Contact us | Nextent Services","og_url":"https:\/\/nextentservices.hu\/en\/contact\/","og_site_name":"Nextent Services","article_modified_time":"2026-02-03T08:18:30+00:00","og_image":[{"url":"https:\/\/nextentservices.hu\/wp-content\/uploads\/2023\/02\/devops-hatter-1-1024x683.jpg","type":"","width":"","height":""}],"twitter_card":"summary_large_image","twitter_title":"CONTACT","twitter_description":"Contact us by phone, e-mail, or fill out the form below","twitter_misc":{"Est. reading time":"3 minutes"},"schema":{"@context":"https:\/\/schema.org","@graph":[{"@type":"WebPage","@id":"https:\/\/nextentservices.hu\/en\/contact\/","url":"https:\/\/nextentservices.hu\/en\/contact\/","name":"Contact us | Nextent Services","isPartOf":{"@id":"https:\/\/nextentservices.hu\/en\/#website"},"primaryImageOfPage":{"@id":"https:\/\/nextentservices.hu\/en\/contact\/#primaryimage"},"image":{"@id":"https:\/\/nextentservices.hu\/en\/contact\/#primaryimage"},"thumbnailUrl":"https:\/\/nextentservices.hu\/wp-content\/uploads\/2023\/03\/map-icon-300x300.png","datePublished":"2023-02-15T06:25:36+00:00","dateModified":"2026-02-03T08:18:30+00:00","description":"Contact us easily by phone, e-mail, or fill out the form below, and we will contact you as soon as possible.","breadcrumb":{"@id":"https:\/\/nextentservices.hu\/en\/contact\/#breadcrumb"},"inLanguage":"en-US","potentialAction":[{"@type":"ReadAction","target":["https:\/\/nextentservices.hu\/en\/contact\/"]}]},{"@type":"ImageObject","inLanguage":"en-US","@id":"https:\/\/nextentservices.hu\/en\/contact\/#primaryimage","url":"https:\/\/nextentservices.hu\/wp-content\/uploads\/2023\/03\/map-icon-300x300.png","contentUrl":"https:\/\/nextentservices.hu\/wp-content\/uploads\/2023\/03\/map-icon-300x300.png"},{"@type":"BreadcrumbList","@id":"https:\/\/nextentservices.hu\/en\/contact\/#breadcrumb","itemListElement":[{"@type":"ListItem","position":1,"name":"Home","item":"https:\/\/nextentservices.hu\/en\/"},{"@type":"ListItem","position":2,"name":"CONTACT"}]},{"@type":"WebSite","@id":"https:\/\/nextentservices.hu\/en\/#website","url":"https:\/\/nextentservices.hu\/en\/","name":"Nextent Services","description":"Nextent Solutions - A digit\u00e1lis ipar\u00e1gi szak\u00e9rt\u0151","publisher":{"@id":"https:\/\/nextentservices.hu\/en\/#organization"},"potentialAction":[{"@type":"SearchAction","target":{"@type":"EntryPoint","urlTemplate":"https:\/\/nextentservices.hu\/en\/?s={search_term_string}"},"query-input":{"@type":"PropertyValueSpecification","valueRequired":true,"valueName":"search_term_string"}}],"inLanguage":"en-US"},{"@type":"Organization","@id":"https:\/\/nextentservices.hu\/en\/#organization","name":"NEXTENT zrt.","url":"https:\/\/nextentservices.hu\/en\/","logo":{"@type":"ImageObject","inLanguage":"en-US","@id":"https:\/\/nextentservices.hu\/en\/#\/schema\/logo\/image\/","url":"https:\/\/nextentservices.hu\/wp-content\/uploads\/2023\/02\/nextent-favicon.png","contentUrl":"https:\/\/nextentservices.hu\/wp-content\/uploads\/2023\/02\/nextent-favicon.png","width":393,"height":393,"caption":"NEXTENT zrt."},"image":{"@id":"https:\/\/nextentservices.hu\/en\/#\/schema\/logo\/image\/"}}]}},"_links":{"self":[{"href":"https:\/\/nextentservices.hu\/en\/wp-json\/wp\/v2\/pages\/1177","targetHints":{"allow":["GET"]}}],"collection":[{"href":"https:\/\/nextentservices.hu\/en\/wp-json\/wp\/v2\/pages"}],"about":[{"href":"https:\/\/nextentservices.hu\/en\/wp-json\/wp\/v2\/types\/page"}],"author":[{"embeddable":true,"href":"https:\/\/nextentservices.hu\/en\/wp-json\/wp\/v2\/users\/1"}],"replies":[{"embeddable":true,"href":"https:\/\/nextentservices.hu\/en\/wp-json\/wp\/v2\/comments?post=1177"}],"version-history":[{"count":1,"href":"https:\/\/nextentservices.hu\/en\/wp-json\/wp\/v2\/pages\/1177\/revisions"}],"predecessor-version":[{"id":3075,"href":"https:\/\/nextentservices.hu\/en\/wp-json\/wp\/v2\/pages\/1177\/revisions\/3075"}],"wp:attachment":[{"href":"https:\/\/nextentservices.hu\/en\/wp-json\/wp\/v2\/media?parent=1177"}],"curies":[{"name":"wp","href":"https:\/\/api.w.org\/{rel}","templated":true}]}}